{"id":3046,"date":"2025-02-04T16:39:08","date_gmt":"2025-02-04T16:39:08","guid":{"rendered":"https:\/\/tuminmx.com\/?page_id=3046"},"modified":"2025-02-04T16:41:06","modified_gmt":"2025-02-04T16:41:06","slug":"contacto-metalforming","status":"publish","type":"page","link":"https:\/\/tuminmx.com\/index.php\/contacto-metalforming\/","title":{"rendered":"CONTACTO METALFORMING"},"content":{"rendered":"<style>\/*! elementor - v3.7.8 - 02-10-2022 *\/<br \/>\n.elementor-widget-image{text-align:center}.elementor-widget-image a{display:inline-block}.elementor-widget-image a img[src$=\".svg\"]{width:48px}.elementor-widget-image img{vertical-align:middle;display:inline-block}<\/style>\n<p><img decoding=\"async\" src=\"http:\/\/tuminmx.com\/wp-content\/uploads\/2024\/12\/TMF-LOGO-1-300x140.png\" sizes=\"auto, (max-width: 300px) 100vw, 300px\" srcset=\"https:\/\/tuminmx.com\/wp-content\/uploads\/2024\/12\/TMF-LOGO-1-300x140.png 300w, https:\/\/tuminmx.com\/wp-content\/uploads\/2024\/12\/TMF-LOGO-1-1024x477.png 1024w, https:\/\/tuminmx.com\/wp-content\/uploads\/2024\/12\/TMF-LOGO-1-768x358.png 768w, https:\/\/tuminmx.com\/wp-content\/uploads\/2024\/12\/TMF-LOGO-1.png 1080w\" alt=\"\" width=\"300\" height=\"140\" \/><\/p>\n<p>Lleva tu producci\u00f3n al m\u00e1ximo nivel.<\/p>\n<h6>E-mail: <a href=\"mailto:tmf@tuminmx.com\">tmf@tuminmx.com<\/a><br \/>\nTel\u00e9fono\/WhatsApp: <a href=\"https:\/\/wa.me\/+525513054182\">https:\/\/wa.me\/+525513054182<\/a><br \/>\nDirecci\u00f3n: Calle Norte Sur #2, Fraccionamiento Industrial Alce Blanco, Naucalpan, EDOMEX.<br \/>\n<a href=\"https:\/\/www.facebook.com\/profile.php?id=61560202749361\" target=\"_blank\" rel=\"noopener\"><br \/>\nFacebook<\/a><a href=\"https:\/\/www.instagram.com\/tumin_mf?igsh=MWVkbHpqMzd1YjU0OQ==\" target=\"_blank\" rel=\"noopener\"><br \/>\nInstagram<\/a><a href=\"https:\/\/www.youtube.com\/@tuminmexicooficial3624\" target=\"_blank\" rel=\"noopener\"><br \/>\nYoutube<br \/>\n<\/a><\/h6>\n<h4>Comparte tus datos y en breve te contactaremos.<\/h4>\n<div class=\"wpforms-container \" id=\"wpforms-5\"><form id=\"wpforms-form-5\" class=\"wpforms-validate wpforms-form\" data-formid=\"5\" method=\"post\" enctype=\"multipart\/form-data\" action=\"\/index.php\/wp-json\/wp\/v2\/pages\/3046\" data-token=\"e84f1018b3bcb77be0962ce8dd86167a\" data-token-time=\"1777503830\"><noscript class=\"wpforms-error-noscript\">Please enable JavaScript in your browser to complete this form.<\/noscript><div class=\"wpforms-field-container\"><div id=\"wpforms-5-field_0-container\" class=\"wpforms-field wpforms-field-name\" data-field-id=\"0\"><label class=\"wpforms-field-label\" for=\"wpforms-5-field_0\">Nombre <span class=\"wpforms-required-label\">*<\/span><\/label><input type=\"text\" id=\"wpforms-5-field_0\" class=\"wpforms-field-large wpforms-field-required\" name=\"wpforms[fields][0]\" required><\/div><div id=\"wpforms-5-field_1-container\" class=\"wpforms-field wpforms-field-email\" data-field-id=\"1\"><label class=\"wpforms-field-label\" for=\"wpforms-5-field_1\">Email <span class=\"wpforms-required-label\">*<\/span><\/label><input type=\"email\" id=\"wpforms-5-field_1\" class=\"wpforms-field-large wpforms-field-required\" name=\"wpforms[fields][1]\" spellcheck=\"false\" required><\/div><div id=\"wpforms-5-field_4-container\" class=\"wpforms-field wpforms-field-text\" data-field-id=\"4\"><label class=\"wpforms-field-label\" for=\"wpforms-5-field_4\">Tel\u00e9fono\/WhatsApp <span class=\"wpforms-required-label\">*<\/span><\/label><input type=\"text\" id=\"wpforms-5-field_4\" class=\"wpforms-field-large wpforms-field-required\" name=\"wpforms[fields][4]\" required><\/div><div id=\"wpforms-5-field_2-container\" class=\"wpforms-field wpforms-field-textarea\" data-field-id=\"2\"><label class=\"wpforms-field-label\" for=\"wpforms-5-field_2\">\u00bfQu\u00e9 m\u00e1quina desea cotizar? <span class=\"wpforms-required-label\">*<\/span><\/label><textarea id=\"wpforms-5-field_2\" class=\"wpforms-field-large wpforms-field-required\" name=\"wpforms[fields][2]\" required><\/textarea><\/div><\/div><!-- .wpforms-field-container --><div class=\"wpforms-field wpforms-field-hp\"><label for=\"wpforms-5-field-hp\" class=\"wpforms-field-label\">Name<\/label><input type=\"text\" name=\"wpforms[hp]\" id=\"wpforms-5-field-hp\" class=\"wpforms-field-medium\"><\/div><div class=\"wpforms-submit-container\" ><input type=\"hidden\" name=\"wpforms[id]\" value=\"5\"><input type=\"hidden\" name=\"page_title\" value=\"\"><input type=\"hidden\" name=\"page_url\" value=\"https:\/\/tuminmx.com\/index.php\/wp-json\/wp\/v2\/pages\/3046\"><input type=\"hidden\" name=\"url_referer\" value=\"\"><button type=\"submit\" name=\"wpforms[submit]\" id=\"wpforms-submit-5\" class=\"wpforms-submit\" data-alt-text=\"Enviando...\" data-submit-text=\"Enviar\" aria-live=\"assertive\" value=\"wpforms-submit\">Enviar<\/button><\/div><\/form><\/div>  <!-- .wpforms-container -->\n<style>\/*! elementor - v3.7.8 - 02-10-2022 *\/<br \/>\n.elementor-widget-google_maps .elementor-widget-container{overflow:hidden}.elementor-widget-google_maps iframe{height:300px}<\/style>\n<p><iframe title=\"calle Norte Sur #2, Fraccionamiento Industrial Alce Blanco, Naucalpan, EDOMEX.\" src=\"https:\/\/maps.google.com\/maps?q=calle%20Norte%20Sur%20%232%2C%20Fraccionamiento%20Industrial%20Alce%20Blanco%2C%20Naucalpan%2C%20EDOMEX.&amp;t=m&amp;z=16&amp;output=embed&amp;iwloc=near\" frameborder=\"0\" marginwidth=\"0\" marginheight=\"0\" scrolling=\"no\" aria-label=\"calle Norte Sur #2, Fraccionamiento Industrial Alce Blanco, Naucalpan, EDOMEX.\"><\/iframe><\/p>\n","protected":false},"excerpt":{"rendered":"<p>Lleva tu producci\u00f3n al m\u00e1ximo nivel. E-mail: tmf@tuminmx.com Tel\u00e9fono\/WhatsApp: https:\/\/wa.me\/+525513054182 Direcci\u00f3n: Calle Norte Sur #2, Fraccionamiento Industrial Alce Blanco, Naucalpan, EDOMEX. Facebook Instagram Youtube Comparte tus datos y en breve te contactaremos.<\/p>\n","protected":false},"author":1,"featured_media":0,"parent":0,"menu_order":0,"comment_status":"closed","ping_status":"closed","template":"elementor_header_footer","meta":{"site-sidebar-layout":"default","site-content-layout":"default","ast-global-header-display":"","ast-main-header-display":"","ast-hfb-above-header-display":"","ast-hfb-below-header-display":"","ast-hfb-mobile-header-display":"","site-post-title":"","ast-breadcrumbs-content":"","ast-featured-img":"","footer-sml-layout":"","theme-transparent-header-meta":"","adv-header-id-meta":"","stick-header-meta":"","header-above-stick-meta":"","header-main-stick-meta":"","header-below-stick-meta":"","footnotes":""},"class_list":["post-3046","page","type-page","status-publish","hentry"],"_links":{"self":[{"href":"https:\/\/tuminmx.com\/index.php\/wp-json\/wp\/v2\/pages\/3046","targetHints":{"allow":["GET"]}}],"collection":[{"href":"https:\/\/tuminmx.com\/index.php\/wp-json\/wp\/v2\/pages"}],"about":[{"href":"https:\/\/tuminmx.com\/index.php\/wp-json\/wp\/v2\/types\/page"}],"author":[{"embeddable":true,"href":"https:\/\/tuminmx.com\/index.php\/wp-json\/wp\/v2\/users\/1"}],"replies":[{"embeddable":true,"href":"https:\/\/tuminmx.com\/index.php\/wp-json\/wp\/v2\/comments?post=3046"}],"version-history":[{"count":4,"href":"https:\/\/tuminmx.com\/index.php\/wp-json\/wp\/v2\/pages\/3046\/revisions"}],"predecessor-version":[{"id":3055,"href":"https:\/\/tuminmx.com\/index.php\/wp-json\/wp\/v2\/pages\/3046\/revisions\/3055"}],"wp:attachment":[{"href":"https:\/\/tuminmx.com\/index.php\/wp-json\/wp\/v2\/media?parent=3046"}],"curies":[{"name":"wp","href":"https:\/\/api.w.org\/{rel}","templated":true}]}}